{"id":3749,"date":"2024-02-26T20:58:33","date_gmt":"2024-02-26T20:58:33","guid":{"rendered":"https:\/\/dev.staygoldenarugam.com\/ueber-uns\/"},"modified":"2024-07-16T13:47:03","modified_gmt":"2024-07-16T13:47:03","slug":"ueber-uns","status":"publish","type":"page","link":"https:\/\/staygoldenarugam.com\/de\/ueber-uns\/","title":{"rendered":"\u00dcber uns"},"content":{"rendered":"\t\t<div data-elementor-type=\"wp-page\" data-elementor-id=\"3749\" class=\"elementor elementor-3749 elementor-2336\" data-elementor-post-type=\"page\">\n\t\t\t\t\t\t<section class=\"elementor-section elementor-top-section elementor-element elementor-element-3541181 elementor-section-height-min-height elementor-section-boxed elementor-section-height-default elementor-section-items-middle\" data-id=\"3541181\" data-element_type=\"section\" data-e-type=\"section\" data-settings=\"{&quot;background_background&quot;:&quot;classic&quot;}\">\n\t\t\t\t\t\t<div class=\"elementor-container elementor-column-gap-default\">\n\t\t\t\t\t<div class=\"elementor-column elementor-col-100 elementor-top-column elementor-element elementor-element-ac3f631\" data-id=\"ac3f631\" data-element_type=\"column\" data-e-type=\"column\">\n\t\t\t<div class=\"elementor-widget-wrap\">\n\t\t\t\t\t\t\t<\/div>\n\t\t<\/div>\n\t\t\t\t\t<\/div>\n\t\t<\/section>\n\t\t\t\t<section class=\"elementor-section elementor-top-section elementor-element elementor-element-863fd64 elementor-section-boxed elementor-section-height-default elementor-section-height-default\" data-id=\"863fd64\" data-element_type=\"section\" data-e-type=\"section\">\n\t\t\t\t\t\t<div class=\"elementor-container elementor-column-gap-no\">\n\t\t\t\t\t<div class=\"elementor-column elementor-col-100 elementor-top-column elementor-element elementor-element-2c9d728\" data-id=\"2c9d728\" data-element_type=\"column\" data-e-type=\"column\">\n\t\t\t<div class=\"elementor-widget-wrap\">\n\t\t\t\t\t\t\t<\/div>\n\t\t<\/div>\n\t\t\t\t\t<\/div>\n\t\t<\/section>\n\t\t\t\t<section class=\"elementor-section elementor-top-section elementor-element elementor-element-6f2c464 elementor-section-boxed elementor-section-height-default elementor-section-height-default\" data-id=\"6f2c464\" data-element_type=\"section\" data-e-type=\"section\">\n\t\t\t\t\t\t<div class=\"elementor-container elementor-column-gap-default\">\n\t\t\t\t\t<div class=\"elementor-column elementor-col-66 elementor-top-column elementor-element elementor-element-3557fcc\" data-id=\"3557fcc\" data-element_type=\"column\" data-e-type=\"column\">\n\t\t\t<div class=\"elementor-widget-wrap elementor-element-populated\">\n\t\t\t\t\t\t<div class=\"elementor-element elementor-element-f9bcd63 elementor-widget elementor-widget-heading\" data-id=\"f9bcd63\" data-element_type=\"widget\" data-e-type=\"widget\" data-widget_type=\"heading.default\">\n\t\t\t\t<div class=\"elementor-widget-container\">\n\t\t\t\t\t<h2 class=\"elementor-heading-title elementor-size-default\">Stay Golden Sri Lanka - unsere Geschichte<\/h2>\t\t\t\t<\/div>\n\t\t\t\t<\/div>\n\t\t\t\t<div class=\"elementor-element elementor-element-e2c7e43 elementor-widget elementor-widget-heading\" data-id=\"e2c7e43\" data-element_type=\"widget\" data-e-type=\"widget\" data-widget_type=\"heading.default\">\n\t\t\t\t<div class=\"elementor-widget-container\">\n\t\t\t\t\t<p class=\"elementor-heading-title elementor-size-default\">Lerne Angie und Rihan kennen, das dynamische Duo hinter dem Zauber von Stay Golden. Ihre Reise begann 2016, als das Schicksal sie an dem Ort zusammenbrachte, der ihr gemeinsames Lieblingsprojekt werden sollte. Rihans Geschichte reicht bis ins Jahr 2014 zur\u00fcck, als er nach dem Tod seines Vaters das G\u00e4stehaus seiner Familie, Golden Beach, \u00fcbernahm. Urspr\u00fcnglich bot das G\u00e4stehaus NGO-Mitgliedern nach dem Tsunami eine einfache Unterkunft und entwickelte sich zu einem Zufluchtsort f\u00fcr Reisende, die Trost am Meer suchen. Im Jahr 2015 hat Rihan das Unternehmen in Stay Golden umbenannt und damit die Weichen f\u00fcr ein neues Kapitel des Wachstums und der Transformation gestellt.<\/p>\t\t\t\t<\/div>\n\t\t\t\t<\/div>\n\t\t\t\t<div class=\"elementor-element elementor-element-7b895c6 elementor-widget elementor-widget-heading\" data-id=\"7b895c6\" data-element_type=\"widget\" data-e-type=\"widget\" data-widget_type=\"heading.default\">\n\t\t\t\t<div class=\"elementor-widget-container\">\n\t\t\t\t\t<p class=\"elementor-heading-title elementor-size-default\">Angetrieben von dem Wunsch, etwas wirklich Besonderes zu schaffen, traf Rihan die mutige Entscheidung, das Stay Golden 2019 an einen neuen Standort s\u00fcdlich von Main Point zu verlegen. Mit 5 gem\u00fctlichen Cabanas und 2 einladenden Zimmern strahlt das Stay Golden in jeder Ecke W\u00e4rme und Gastfreundschaft aus. Als sich die Familie w\u00e4hrend der Herausforderungen der Covid-Pandemie vergr\u00f6\u00dferte, nahmen Angie und Rihan ihren Sohn auf, der ihr kleines St\u00fcckchen Paradies mit noch mehr Liebe und Freude erf\u00fcllte.\n<\/p>\t\t\t\t<\/div>\n\t\t\t\t<\/div>\n\t\t\t\t<div class=\"elementor-element elementor-element-229ce5b elementor-widget elementor-widget-heading\" data-id=\"229ce5b\" data-element_type=\"widget\" data-e-type=\"widget\" data-widget_type=\"heading.default\">\n\t\t\t\t<div class=\"elementor-widget-container\">\n\t\t\t\t\t<p class=\"elementor-heading-title elementor-size-default\">F\u00fcr Angie und Rihan ist das Gastgewerbe mehr als nur ein Lebensunterhalt - es ist eine Leidenschaft, die sie bei jeder ihrer Unternehmungen antreibt. Mit ihrem Engagement f\u00fcr die Verbesserung des Stay Golden-Erlebnisses bem\u00fchen sie sich darum, dass sich jeder Gast wie ein Teil ihrer gro\u00dfen Familie f\u00fchlt.\n<\/p>\t\t\t\t<\/div>\n\t\t\t\t<\/div>\n\t\t\t\t\t<\/div>\n\t\t<\/div>\n\t\t\t\t<div class=\"elementor-column elementor-col-33 elementor-top-column elementor-element elementor-element-6e941a2\" data-id=\"6e941a2\" data-element_type=\"column\" data-e-type=\"column\">\n\t\t\t<div class=\"elementor-widget-wrap elementor-element-populated\">\n\t\t\t\t\t\t<div class=\"elementor-element elementor-element-11c2496 elementor-widget elementor-widget-image\" data-id=\"11c2496\" data-element_type=\"widget\" data-e-type=\"widget\" data-widget_type=\"image.default\">\n\t\t\t\t<div class=\"elementor-widget-container\">\n\t\t\t\t\t\t\t\t\t\t\t\t\t\t\t<img fetchpriority=\"high\" decoding=\"async\" width=\"683\" height=\"1024\" src=\"https:\/\/staygoldenarugam.com\/wp-content\/uploads\/2024\/03\/StayGolden-1184-683x1024.jpg\" class=\"attachment-large size-large wp-image-3574\" alt=\"\" srcset=\"https:\/\/staygoldenarugam.com\/wp-content\/uploads\/2024\/03\/StayGolden-1184-683x1024.jpg 683w, https:\/\/staygoldenarugam.com\/wp-content\/uploads\/2024\/03\/StayGolden-1184-200x300.jpg 200w, https:\/\/staygoldenarugam.com\/wp-content\/uploads\/2024\/03\/StayGolden-1184-768x1152.jpg 768w, https:\/\/staygoldenarugam.com\/wp-content\/uploads\/2024\/03\/StayGolden-1184-1024x1536.jpg 1024w, https:\/\/staygoldenarugam.com\/wp-content\/uploads\/2024\/03\/StayGolden-1184-1365x2048.jpg 1365w, https:\/\/staygoldenarugam.com\/wp-content\/uploads\/2024\/03\/StayGolden-1184.jpg 1600w\" sizes=\"(max-width: 683px) 100vw, 683px\" \/>\t\t\t\t\t\t\t\t\t\t\t\t\t\t\t<\/div>\n\t\t\t\t<\/div>\n\t\t\t\t\t<\/div>\n\t\t<\/div>\n\t\t\t\t\t<\/div>\n\t\t<\/section>\n\t\t\t\t<section class=\"elementor-section elementor-top-section elementor-element elementor-element-969a902 elementor-section-boxed elementor-section-height-default elementor-section-height-default\" data-id=\"969a902\" data-element_type=\"section\" data-e-type=\"section\">\n\t\t\t\t\t\t<div class=\"elementor-container elementor-column-gap-default\">\n\t\t\t\t\t<div class=\"elementor-column elementor-col-33 elementor-top-column elementor-element elementor-element-b769ca1\" data-id=\"b769ca1\" data-element_type=\"column\" data-e-type=\"column\">\n\t\t\t<div class=\"elementor-widget-wrap elementor-element-populated\">\n\t\t\t\t\t\t<div class=\"elementor-element elementor-element-602ef5b elementor-widget elementor-widget-image\" data-id=\"602ef5b\" data-element_type=\"widget\" data-e-type=\"widget\" data-widget_type=\"image.default\">\n\t\t\t\t<div class=\"elementor-widget-container\">\n\t\t\t\t\t\t\t\t\t\t\t\t\t\t\t<img decoding=\"async\" width=\"683\" height=\"1024\" src=\"https:\/\/staygoldenarugam.com\/wp-content\/uploads\/2024\/03\/StayGolden-0851-683x1024.jpg\" class=\"attachment-large size-large wp-image-3575\" alt=\"\" srcset=\"https:\/\/staygoldenarugam.com\/wp-content\/uploads\/2024\/03\/StayGolden-0851-683x1024.jpg 683w, https:\/\/staygoldenarugam.com\/wp-content\/uploads\/2024\/03\/StayGolden-0851-200x300.jpg 200w, https:\/\/staygoldenarugam.com\/wp-content\/uploads\/2024\/03\/StayGolden-0851-768x1152.jpg 768w, https:\/\/staygoldenarugam.com\/wp-content\/uploads\/2024\/03\/StayGolden-0851-1024x1536.jpg 1024w, https:\/\/staygoldenarugam.com\/wp-content\/uploads\/2024\/03\/StayGolden-0851-1365x2048.jpg 1365w, https:\/\/staygoldenarugam.com\/wp-content\/uploads\/2024\/03\/StayGolden-0851.jpg 1600w\" sizes=\"(max-width: 683px) 100vw, 683px\" \/>\t\t\t\t\t\t\t\t\t\t\t\t\t\t\t<\/div>\n\t\t\t\t<\/div>\n\t\t\t\t\t<\/div>\n\t\t<\/div>\n\t\t\t\t<div class=\"elementor-column elementor-col-66 elementor-top-column elementor-element elementor-element-96e120a\" data-id=\"96e120a\" data-element_type=\"column\" data-e-type=\"column\">\n\t\t\t<div class=\"elementor-widget-wrap elementor-element-populated\">\n\t\t\t\t\t\t<div class=\"elementor-element elementor-element-10643a8 elementor-widget elementor-widget-heading\" data-id=\"10643a8\" data-element_type=\"widget\" data-e-type=\"widget\" data-widget_type=\"heading.default\">\n\t\t\t\t<div class=\"elementor-widget-container\">\n\t\t\t\t\t<p class=\"elementor-heading-title elementor-size-default\">Rihan ist der Vision\u00e4r hinter Stay Golden, ein charismatischer Surf-Enthusiast, der nichts mehr liebt, als sich mit Reisenden aus der ganzen Welt auszutauschen. Sein ansteckendes Grinsen, gepaart mit seiner Liebe zu scharfem Reis und Curry, sorgt f\u00fcr eine einladende und lebendige Atmosph\u00e4re. Als zertifizierter ISA-Surflehrer ist Rihan stets bem\u00fcht, seine Leidenschaft f\u00fcr die Wellen mit den G\u00e4sten zu teilen.\n<\/p>\t\t\t\t<\/div>\n\t\t\t\t<\/div>\n\t\t\t\t<div class=\"elementor-element elementor-element-03eec54 elementor-widget elementor-widget-heading\" data-id=\"03eec54\" data-element_type=\"widget\" data-e-type=\"widget\" data-widget_type=\"heading.default\">\n\t\t\t\t<div class=\"elementor-widget-container\">\n\t\t\t\t\t<p class=\"elementor-heading-title elementor-size-default\">Angie hingegen bringt ihre einf\u00fchlsame Art und St\u00e4rke zur Geltung, wenn sie sich mit unersch\u00fctterlichem Mitgef\u00fchl um die G\u00e4ste k\u00fcmmert. Ob es darum geht, bei der Reiseplanung zu helfen oder einfach nur ein offenes Ohr zu haben - Angies W\u00e4rme und Freundlichkeit hinterlassen bei jedem, den sie trifft, einen bleibenden Eindruck. Als zertifizierte Yogalehrerin mit 400 Stunden Ausbildung zeigt sich Angies Liebe zur Praxis in der Art und Weise, wie sie den Yogaraum gestaltet hat und wie sie sich um ein inspirierendes Team von Lehrern k\u00fcmmert.\n<\/p>\t\t\t\t<\/div>\n\t\t\t\t<\/div>\n\t\t\t\t<div class=\"elementor-element elementor-element-553eb1f elementor-widget elementor-widget-heading\" data-id=\"553eb1f\" data-element_type=\"widget\" data-e-type=\"widget\" data-widget_type=\"heading.default\">\n\t\t\t\t<div class=\"elementor-widget-container\">\n\t\t\t\t\t<p class=\"elementor-heading-title elementor-size-default\">Angie kommt urspr\u00fcnglich aus Deutschland und hat sich nicht nur in Rihan verliebt, sondern auch in die Sch\u00f6nheit und den Charme Sri Lankas. Zusammen sind sie das Herz und die Seele von Stay Golden und weben einen Teppich aus unvergesslichen Erlebnissen f\u00fcr unsere G\u00e4ste.\n<\/p>\t\t\t\t<\/div>\n\t\t\t\t<\/div>\n\t\t\t\t<div class=\"elementor-element elementor-element-58f62f5 elementor-widget elementor-widget-heading\" data-id=\"58f62f5\" data-element_type=\"widget\" data-e-type=\"widget\" data-widget_type=\"heading.default\">\n\t\t\t\t<div class=\"elementor-widget-container\">\n\t\t\t\t\t<p class=\"elementor-heading-title elementor-size-default\">Begleite Angie und Rihan im Stay Golden Sri Lanka, wo ein Aufenthalt mit W\u00e4rme, Abenteuer und dem Versprechen goldener Erinnerungen gespickt ist.\n<\/p>\t\t\t\t<\/div>\n\t\t\t\t<\/div>\n\t\t\t\t<div class=\"elementor-element elementor-element-e54abde elementor-widget elementor-widget-heading\" data-id=\"e54abde\" data-element_type=\"widget\" data-e-type=\"widget\" data-widget_type=\"heading.default\">\n\t\t\t\t<div class=\"elementor-widget-container\">\n\t\t\t\t\t<p class=\"elementor-heading-title elementor-size-default\">Wir freuen uns darauf, dich bald bei uns begr\u00fc\u00dfen zu d\u00fcrfen! Mit freundlichen Gr\u00fc\u00dfen, Angie und Rihan.<\/p>\t\t\t\t<\/div>\n\t\t\t\t<\/div>\n\t\t\t\t\t<\/div>\n\t\t<\/div>\n\t\t\t\t\t<\/div>\n\t\t<\/section>\n\t\t\t\t<section class=\"elementor-section elementor-top-section elementor-element elementor-element-3ab6582 elementor-section-boxed elementor-section-height-default elementor-section-height-default\" data-id=\"3ab6582\" data-element_type=\"section\" data-e-type=\"section\">\n\t\t\t\t\t\t<div class=\"elementor-container elementor-column-gap-default\">\n\t\t\t\t\t<div class=\"elementor-column elementor-col-50 elementor-top-column elementor-element elementor-element-c26fce9\" data-id=\"c26fce9\" data-element_type=\"column\" data-e-type=\"column\">\n\t\t\t<div class=\"elementor-widget-wrap elementor-element-populated\">\n\t\t\t\t\t\t<div class=\"elementor-element elementor-element-93b039c elementor-widget elementor-widget-image\" data-id=\"93b039c\" data-element_type=\"widget\" data-e-type=\"widget\" data-widget_type=\"image.default\">\n\t\t\t\t<div class=\"elementor-widget-container\">\n\t\t\t\t\t\t\t\t\t\t\t\t\t\t\t<img decoding=\"async\" width=\"800\" height=\"640\" src=\"https:\/\/staygoldenarugam.com\/wp-content\/uploads\/2024\/03\/Stay-Golden-15-1024x819.jpg\" class=\"attachment-large size-large wp-image-3576\" alt=\"\" srcset=\"https:\/\/staygoldenarugam.com\/wp-content\/uploads\/2024\/03\/Stay-Golden-15-1024x819.jpg 1024w, https:\/\/staygoldenarugam.com\/wp-content\/uploads\/2024\/03\/Stay-Golden-15-300x240.jpg 300w, https:\/\/staygoldenarugam.com\/wp-content\/uploads\/2024\/03\/Stay-Golden-15-768x614.jpg 768w, https:\/\/staygoldenarugam.com\/wp-content\/uploads\/2024\/03\/Stay-Golden-15-1536x1229.jpg 1536w, https:\/\/staygoldenarugam.com\/wp-content\/uploads\/2024\/03\/Stay-Golden-15-2048x1638.jpg 2048w\" sizes=\"(max-width: 800px) 100vw, 800px\" \/>\t\t\t\t\t\t\t\t\t\t\t\t\t\t\t<\/div>\n\t\t\t\t<\/div>\n\t\t\t\t\t<\/div>\n\t\t<\/div>\n\t\t\t\t<div class=\"elementor-column elementor-col-50 elementor-top-column elementor-element elementor-element-d74a6f2\" data-id=\"d74a6f2\" data-element_type=\"column\" data-e-type=\"column\">\n\t\t\t<div class=\"elementor-widget-wrap elementor-element-populated\">\n\t\t\t\t\t\t<div class=\"elementor-element elementor-element-fc52682 elementor-widget elementor-widget-image\" data-id=\"fc52682\" data-element_type=\"widget\" data-e-type=\"widget\" data-widget_type=\"image.default\">\n\t\t\t\t<div class=\"elementor-widget-container\">\n\t\t\t\t\t\t\t\t\t\t\t\t\t\t\t<img loading=\"lazy\" decoding=\"async\" width=\"800\" height=\"534\" src=\"https:\/\/staygoldenarugam.com\/wp-content\/uploads\/2024\/03\/StayGolden-1271-1-1024x683.jpg\" class=\"attachment-large size-large wp-image-3577\" alt=\"\" srcset=\"https:\/\/staygoldenarugam.com\/wp-content\/uploads\/2024\/03\/StayGolden-1271-1-1024x683.jpg 1024w, https:\/\/staygoldenarugam.com\/wp-content\/uploads\/2024\/03\/StayGolden-1271-1-300x200.jpg 300w, https:\/\/staygoldenarugam.com\/wp-content\/uploads\/2024\/03\/StayGolden-1271-1-768x512.jpg 768w, https:\/\/staygoldenarugam.com\/wp-content\/uploads\/2024\/03\/StayGolden-1271-1-1536x1024.jpg 1536w, https:\/\/staygoldenarugam.com\/wp-content\/uploads\/2024\/03\/StayGolden-1271-1.jpg 1600w\" sizes=\"(max-width: 800px) 100vw, 800px\" \/>\t\t\t\t\t\t\t\t\t\t\t\t\t\t\t<\/div>\n\t\t\t\t<\/div>\n\t\t\t\t\t<\/div>\n\t\t<\/div>\n\t\t\t\t\t<\/div>\n\t\t<\/section>\n\t\t\t\t<\/div>\n\t\t","protected":false},"excerpt":{"rendered":"<p>Stay Golden Sri Lanka &#8211; unsere Geschichte Lerne Angie und Rihan kennen, das dynamische Duo hinter dem Zauber von Stay Golden. Ihre Reise begann 2016, als das Schicksal sie an dem Ort zusammenbrachte, der ihr gemeinsames Lieblingsprojekt werden sollte. Rihans Geschichte reicht bis ins Jahr 2014 zur\u00fcck, als er nach dem Tod seines Vaters das [&hellip;]<\/p>\n","protected":false},"author":1,"featured_media":0,"parent":0,"menu_order":0,"comment_status":"closed","ping_status":"closed","template":"elementor_header_footer","meta":{"footnotes":""},"class_list":["post-3749","page","type-page","status-publish","hentry"],"_links":{"self":[{"href":"https:\/\/staygoldenarugam.com\/de\/wp-json\/wp\/v2\/pages\/3749","targetHints":{"allow":["GET"]}}],"collection":[{"href":"https:\/\/staygoldenarugam.com\/de\/wp-json\/wp\/v2\/pages"}],"about":[{"href":"https:\/\/staygoldenarugam.com\/de\/wp-json\/wp\/v2\/types\/page"}],"author":[{"embeddable":true,"href":"https:\/\/staygoldenarugam.com\/de\/wp-json\/wp\/v2\/users\/1"}],"replies":[{"embeddable":true,"href":"https:\/\/staygoldenarugam.com\/de\/wp-json\/wp\/v2\/comments?post=3749"}],"version-history":[{"count":7,"href":"https:\/\/staygoldenarugam.com\/de\/wp-json\/wp\/v2\/pages\/3749\/revisions"}],"predecessor-version":[{"id":6336,"href":"https:\/\/staygoldenarugam.com\/de\/wp-json\/wp\/v2\/pages\/3749\/revisions\/6336"}],"wp:attachment":[{"href":"https:\/\/staygoldenarugam.com\/de\/wp-json\/wp\/v2\/media?parent=3749"}],"curies":[{"name":"wp","href":"https:\/\/api.w.org\/{rel}","templated":true}]}}