{"id":3741,"date":"2024-03-11T19:01:24","date_gmt":"2024-03-11T19:01:24","guid":{"rendered":"https:\/\/dev.staygoldenarugam.com\/blog\/"},"modified":"2024-12-20T19:14:29","modified_gmt":"2024-12-20T19:14:29","slug":"blog","status":"publish","type":"page","link":"https:\/\/staygoldenarugam.com\/de\/blog\/","title":{"rendered":"Blog"},"content":{"rendered":"\t\t<div data-elementor-type=\"wp-page\" data-elementor-id=\"3741\" class=\"elementor elementor-3741 elementor-2807\" data-elementor-post-type=\"page\">\n\t\t\t\t\t\t<section class=\"elementor-section elementor-top-section elementor-element elementor-element-b0033a4 elementor-section-height-min-height elementor-section-boxed elementor-section-height-default elementor-section-items-middle\" data-id=\"b0033a4\" data-element_type=\"section\" data-e-type=\"section\" data-settings=\"{&quot;background_background&quot;:&quot;classic&quot;}\">\n\t\t\t\t\t\t<div class=\"elementor-container elementor-column-gap-default\">\n\t\t\t\t\t<div class=\"elementor-column elementor-col-100 elementor-top-column elementor-element elementor-element-4d141f0\" data-id=\"4d141f0\" data-element_type=\"column\" data-e-type=\"column\">\n\t\t\t<div class=\"elementor-widget-wrap\">\n\t\t\t\t\t\t\t<\/div>\n\t\t<\/div>\n\t\t\t\t\t<\/div>\n\t\t<\/section>\n\t\t\t\t<section class=\"elementor-section elementor-top-section elementor-element elementor-element-89fdf26 elementor-section-boxed elementor-section-height-default elementor-section-height-default\" data-id=\"89fdf26\" data-element_type=\"section\" data-e-type=\"section\">\n\t\t\t\t\t\t<div class=\"elementor-container elementor-column-gap-default\">\n\t\t\t\t\t<div class=\"elementor-column elementor-col-100 elementor-top-column elementor-element elementor-element-99b9b9c\" data-id=\"99b9b9c\" data-element_type=\"column\" data-e-type=\"column\">\n\t\t\t<div class=\"elementor-widget-wrap elementor-element-populated\">\n\t\t\t\t\t\t<section class=\"elementor-section elementor-inner-section elementor-element elementor-element-a8c41b7 elementor-section-boxed elementor-section-height-default elementor-section-height-default\" data-id=\"a8c41b7\" data-element_type=\"section\" data-e-type=\"section\">\n\t\t\t\t\t\t<div class=\"elementor-container elementor-column-gap-no\">\n\t\t\t\t\t<div class=\"elementor-column elementor-col-100 elementor-inner-column elementor-element elementor-element-e1aae9a\" data-id=\"e1aae9a\" data-element_type=\"column\" data-e-type=\"column\">\n\t\t\t<div class=\"elementor-widget-wrap elementor-element-populated\">\n\t\t\t\t\t\t<div class=\"elementor-element elementor-element-a2db17d elementor-widget elementor-widget-heading\" data-id=\"a2db17d\" data-element_type=\"widget\" data-e-type=\"widget\" data-widget_type=\"heading.default\">\n\t\t\t\t<div class=\"elementor-widget-container\">\n\t\t\t\t\t<h2 class=\"elementor-heading-title elementor-size-default\">Die goldenen Geschichten\n<\/h2>\t\t\t\t<\/div>\n\t\t\t\t<\/div>\n\t\t\t\t<div class=\"elementor-element elementor-element-1f2bd6b elementor-widget elementor-widget-heading\" data-id=\"1f2bd6b\" data-element_type=\"widget\" data-e-type=\"widget\" data-widget_type=\"heading.default\">\n\t\t\t\t<div class=\"elementor-widget-container\">\n\t\t\t\t\t<p class=\"elementor-heading-title elementor-size-default\">Im Stay Golden stehen unsere G\u00e4ste im Zentrum unseres Handelns. Sie sind der Kern unserer Vision und aktiver Teil davon, unsere Tr\u00e4ume Wirklichkeit werden zu lassen. Gastgeber und Gastgeberin zu sein ist f\u00fcr uns ein erf\u00fcllender Austausch: Wir freuen uns darauf, unsere G\u00e4ste kennenzulernen. Ihre Erlebnisse pr\u00e4gen uns genauso, wie sie f\u00fcr sich w\u00e4hrend ihres Aufenthalts unvergessliche Erinnerungen schaffen.<\/p>\t\t\t\t<\/div>\n\t\t\t\t<\/div>\n\t\t\t\t<div class=\"elementor-element elementor-element-705673b elementor-widget elementor-widget-heading\" data-id=\"705673b\" data-element_type=\"widget\" data-e-type=\"widget\" data-widget_type=\"heading.default\">\n\t\t\t\t<div class=\"elementor-widget-container\">\n\t\t\t\t\t<p class=\"elementor-heading-title elementor-size-default\">Hier teilen wir einige unvergessliche Geschichten mit dir \u2013 sei es, indem wir Einblicke in unser Leben in Sri Lanka gew\u00e4hren, dir Tipps f\u00fcr die Erkundung unserer geliebten Umgebung zu geben, oder \u00fcber die Reise von Stay Golden im Laufe der Jahre zu reflektieren. Also, wirf einen Blick hinein und lass deine Fantasie schweifen, w\u00e4hrend du dir deinen n\u00e4chsten unvergesslichen Urlaub in Sri Lanka vorstellst.<\/p>\t\t\t\t<\/div>\n\t\t\t\t<\/div>\n\t\t\t\t<div class=\"elementor-element elementor-element-997657d elementor-widget elementor-widget-heading\" data-id=\"997657d\" data-element_type=\"widget\" data-e-type=\"widget\" data-widget_type=\"heading.default\">\n\t\t\t\t<div class=\"elementor-widget-container\">\n\t\t\t\t\t<p class=\"elementor-heading-title elementor-size-default\">Deine Angie und Rihan<\/p>\t\t\t\t<\/div>\n\t\t\t\t<\/div>\n\t\t\t\t\t<\/div>\n\t\t<\/div>\n\t\t\t\t\t<\/div>\n\t\t<\/section>\n\t\t\t\t\t<\/div>\n\t\t<\/div>\n\t\t\t\t\t<\/div>\n\t\t<\/section>\n\t\t\t\t<section class=\"elementor-section elementor-top-section elementor-element elementor-element-8755c1d elementor-section-boxed elementor-section-height-default elementor-section-height-default\" data-id=\"8755c1d\" data-element_type=\"section\" data-e-type=\"section\">\n\t\t\t\t\t\t<div class=\"elementor-container elementor-column-gap-default\">\n\t\t\t\t\t<div class=\"elementor-column elementor-col-100 elementor-top-column elementor-element elementor-element-b56a8c0\" data-id=\"b56a8c0\" data-element_type=\"column\" data-e-type=\"column\">\n\t\t\t<div class=\"elementor-widget-wrap elementor-element-populated\">\n\t\t\t\t\t\t<section class=\"elementor-section elementor-inner-section elementor-element elementor-element-706d488 elementor-section-boxed elementor-section-height-default elementor-section-height-default\" data-id=\"706d488\" data-element_type=\"section\" data-e-type=\"section\">\n\t\t\t\t\t\t<div class=\"elementor-container elementor-column-gap-no\">\n\t\t\t\t\t<div class=\"elementor-column elementor-col-100 elementor-inner-column elementor-element elementor-element-37b13fe\" data-id=\"37b13fe\" data-element_type=\"column\" data-e-type=\"column\">\n\t\t\t<div class=\"elementor-widget-wrap elementor-element-populated\">\n\t\t\t\t\t\t<div class=\"elementor-element elementor-element-7b0b49e elementor-grid-3 elementor-grid-tablet-2 elementor-grid-mobile-1 elementor-posts--thumbnail-top elementor-widget elementor-widget-posts\" data-id=\"7b0b49e\" data-element_type=\"widget\" data-e-type=\"widget\" data-settings=\"{&quot;pagination_type&quot;:&quot;numbers&quot;,&quot;classic_columns&quot;:&quot;3&quot;,&quot;classic_columns_tablet&quot;:&quot;2&quot;,&quot;classic_columns_mobile&quot;:&quot;1&quot;,&quot;classic_row_gap&quot;:{&quot;unit&quot;:&quot;px&quot;,&quot;size&quot;:35,&quot;sizes&quot;:[]},&quot;classic_row_gap_tablet&quot;:{&quot;unit&quot;:&quot;px&quot;,&quot;size&quot;:&quot;&quot;,&quot;sizes&quot;:[]},&quot;classic_row_gap_mobile&quot;:{&quot;unit&quot;:&quot;px&quot;,&quot;size&quot;:&quot;&quot;,&quot;sizes&quot;:[]}}\" data-widget_type=\"posts.classic\">\n\t\t\t\t<div class=\"elementor-widget-container\">\n\t\t\t\t\t\t\t<div class=\"elementor-posts-container elementor-posts elementor-posts--skin-classic elementor-grid\" role=\"list\">\n\t\t\t\t<article class=\"elementor-post elementor-grid-item post-7981 post type-post status-publish format-standard has-post-thumbnail hentry category-unkategorisiert\" role=\"listitem\">\n\t\t\t\t<a class=\"elementor-post__thumbnail__link\" href=\"https:\/\/staygoldenarugam.com\/de\/sri-lanka-badeurlaub\/\" tabindex=\"-1\" >\n\t\t\t<div class=\"elementor-post__thumbnail\"><img fetchpriority=\"high\" decoding=\"async\" width=\"2560\" height=\"1920\" src=\"https:\/\/staygoldenarugam.com\/wp-content\/uploads\/2025\/11\/KabalanaBeach-scaled.jpg\" class=\"attachment-full size-full wp-image-7996\" alt=\"\" srcset=\"https:\/\/staygoldenarugam.com\/wp-content\/uploads\/2025\/11\/KabalanaBeach-scaled.jpg 2560w, https:\/\/staygoldenarugam.com\/wp-content\/uploads\/2025\/11\/KabalanaBeach-300x225.jpg 300w, https:\/\/staygoldenarugam.com\/wp-content\/uploads\/2025\/11\/KabalanaBeach-1024x768.jpg 1024w, https:\/\/staygoldenarugam.com\/wp-content\/uploads\/2025\/11\/KabalanaBeach-768x576.jpg 768w, https:\/\/staygoldenarugam.com\/wp-content\/uploads\/2025\/11\/KabalanaBeach-1536x1152.jpg 1536w, https:\/\/staygoldenarugam.com\/wp-content\/uploads\/2025\/11\/KabalanaBeach-2048x1536.jpg 2048w\" sizes=\"(max-width: 2560px) 100vw, 2560px\" \/><\/div>\n\t\t<\/a>\n\t\t\t\t<div class=\"elementor-post__text\">\n\t\t\t\t<h2 class=\"elementor-post__title\">\n\t\t\t<a href=\"https:\/\/staygoldenarugam.com\/de\/sri-lanka-badeurlaub\/\" >\n\t\t\t\tSri Lanka Badeurlaub &#8211; Traumhafte Erholung am goldenen Strand mit Stay Golden\t\t\t<\/a>\n\t\t<\/h2>\n\t\t\n\t\t<a class=\"elementor-post__read-more\" href=\"https:\/\/staygoldenarugam.com\/de\/sri-lanka-badeurlaub\/\" aria-label=\"Mehr \u00fcber Sri Lanka Badeurlaub &#8211; Traumhafte Erholung am goldenen Strand mit Stay Golden\" tabindex=\"-1\" >\n\t\t\tMehr lesen\t\t<\/a>\n\n\t\t\t\t<\/div>\n\t\t\t\t<\/article>\n\t\t\t\t<article class=\"elementor-post elementor-grid-item post-7941 post type-post status-publish format-standard has-post-thumbnail hentry category-unkategorisiert\" role=\"listitem\">\n\t\t\t\t<a class=\"elementor-post__thumbnail__link\" href=\"https:\/\/staygoldenarugam.com\/de\/schoenste-orte-sri-lanka\/\" tabindex=\"-1\" >\n\t\t\t<div class=\"elementor-post__thumbnail\"><img decoding=\"async\" width=\"2560\" height=\"1920\" src=\"https:\/\/staygoldenarugam.com\/wp-content\/uploads\/2025\/11\/NuwaraEliya_Teeplantagen-scaled.jpg\" class=\"attachment-full size-full wp-image-7997\" alt=\"Sch\u00f6nste Ort Sri Lanka\" srcset=\"https:\/\/staygoldenarugam.com\/wp-content\/uploads\/2025\/11\/NuwaraEliya_Teeplantagen-scaled.jpg 2560w, https:\/\/staygoldenarugam.com\/wp-content\/uploads\/2025\/11\/NuwaraEliya_Teeplantagen-300x225.jpg 300w, https:\/\/staygoldenarugam.com\/wp-content\/uploads\/2025\/11\/NuwaraEliya_Teeplantagen-1024x768.jpg 1024w, https:\/\/staygoldenarugam.com\/wp-content\/uploads\/2025\/11\/NuwaraEliya_Teeplantagen-768x576.jpg 768w, https:\/\/staygoldenarugam.com\/wp-content\/uploads\/2025\/11\/NuwaraEliya_Teeplantagen-1536x1152.jpg 1536w, https:\/\/staygoldenarugam.com\/wp-content\/uploads\/2025\/11\/NuwaraEliya_Teeplantagen-2048x1536.jpg 2048w\" sizes=\"(max-width: 2560px) 100vw, 2560px\" \/><\/div>\n\t\t<\/a>\n\t\t\t\t<div class=\"elementor-post__text\">\n\t\t\t\t<h2 class=\"elementor-post__title\">\n\t\t\t<a href=\"https:\/\/staygoldenarugam.com\/de\/schoenste-orte-sri-lanka\/\" >\n\t\t\t\tSch\u00f6nste Orte Sri Lanka: Dein ultimativer Guide\t\t\t<\/a>\n\t\t<\/h2>\n\t\t\n\t\t<a class=\"elementor-post__read-more\" href=\"https:\/\/staygoldenarugam.com\/de\/schoenste-orte-sri-lanka\/\" aria-label=\"Mehr \u00fcber Sch\u00f6nste Orte Sri Lanka: Dein ultimativer Guide\" tabindex=\"-1\" >\n\t\t\tMehr lesen\t\t<\/a>\n\n\t\t\t\t<\/div>\n\t\t\t\t<\/article>\n\t\t\t\t<article class=\"elementor-post elementor-grid-item post-7349 post type-post status-publish format-standard has-post-thumbnail hentry category-unkategorisiert\" role=\"listitem\">\n\t\t\t\t<a class=\"elementor-post__thumbnail__link\" href=\"https:\/\/staygoldenarugam.com\/de\/sri-lanka-national-parks\/\" tabindex=\"-1\" >\n\t\t\t<div class=\"elementor-post__thumbnail\"><img decoding=\"async\" width=\"2560\" height=\"1702\" src=\"https:\/\/staygoldenarugam.com\/wp-content\/uploads\/2024\/03\/A6282EA1-8798-4D4F-9E47-0EF497CD9084-scaled.jpeg\" class=\"attachment-full size-full wp-image-3615\" alt=\"elephants in sri lanka national park arugam bay\" srcset=\"https:\/\/staygoldenarugam.com\/wp-content\/uploads\/2024\/03\/A6282EA1-8798-4D4F-9E47-0EF497CD9084-scaled.jpeg 2560w, https:\/\/staygoldenarugam.com\/wp-content\/uploads\/2024\/03\/A6282EA1-8798-4D4F-9E47-0EF497CD9084-300x199.jpeg 300w, https:\/\/staygoldenarugam.com\/wp-content\/uploads\/2024\/03\/A6282EA1-8798-4D4F-9E47-0EF497CD9084-1024x681.jpeg 1024w, https:\/\/staygoldenarugam.com\/wp-content\/uploads\/2024\/03\/A6282EA1-8798-4D4F-9E47-0EF497CD9084-768x511.jpeg 768w, https:\/\/staygoldenarugam.com\/wp-content\/uploads\/2024\/03\/A6282EA1-8798-4D4F-9E47-0EF497CD9084-1536x1021.jpeg 1536w, https:\/\/staygoldenarugam.com\/wp-content\/uploads\/2024\/03\/A6282EA1-8798-4D4F-9E47-0EF497CD9084-2048x1362.jpeg 2048w\" sizes=\"(max-width: 2560px) 100vw, 2560px\" \/><\/div>\n\t\t<\/a>\n\t\t\t\t<div class=\"elementor-post__text\">\n\t\t\t\t<h2 class=\"elementor-post__title\">\n\t\t\t<a href=\"https:\/\/staygoldenarugam.com\/de\/sri-lanka-national-parks\/\" >\n\t\t\t\tSri Lanka National Parks: Die faszinierende Wildnis des Inselparadieses\t\t\t<\/a>\n\t\t<\/h2>\n\t\t\n\t\t<a class=\"elementor-post__read-more\" href=\"https:\/\/staygoldenarugam.com\/de\/sri-lanka-national-parks\/\" aria-label=\"Mehr \u00fcber Sri Lanka National Parks: Die faszinierende Wildnis des Inselparadieses\" tabindex=\"-1\" >\n\t\t\tMehr lesen\t\t<\/a>\n\n\t\t\t\t<\/div>\n\t\t\t\t<\/article>\n\t\t\t\t<article class=\"elementor-post elementor-grid-item post-7624 post type-post status-publish format-standard has-post-thumbnail hentry category-unkategorisiert\" role=\"listitem\">\n\t\t\t\t<a class=\"elementor-post__thumbnail__link\" href=\"https:\/\/staygoldenarugam.com\/de\/urlaub-sri-lanka-kosten-preisuebersicht\/\" tabindex=\"-1\" >\n\t\t\t<div class=\"elementor-post__thumbnail\"><img loading=\"lazy\" decoding=\"async\" width=\"2560\" height=\"1706\" src=\"https:\/\/staygoldenarugam.com\/wp-content\/uploads\/2025\/08\/mirissa-beach-at-sri-lanka-2025-02-22-15-04-46-utc-scaled.jpg\" class=\"attachment-full size-full wp-image-7669\" alt=\"\" srcset=\"https:\/\/staygoldenarugam.com\/wp-content\/uploads\/2025\/08\/mirissa-beach-at-sri-lanka-2025-02-22-15-04-46-utc-scaled.jpg 2560w, https:\/\/staygoldenarugam.com\/wp-content\/uploads\/2025\/08\/mirissa-beach-at-sri-lanka-2025-02-22-15-04-46-utc-300x200.jpg 300w, https:\/\/staygoldenarugam.com\/wp-content\/uploads\/2025\/08\/mirissa-beach-at-sri-lanka-2025-02-22-15-04-46-utc-1024x683.jpg 1024w, https:\/\/staygoldenarugam.com\/wp-content\/uploads\/2025\/08\/mirissa-beach-at-sri-lanka-2025-02-22-15-04-46-utc-768x512.jpg 768w, https:\/\/staygoldenarugam.com\/wp-content\/uploads\/2025\/08\/mirissa-beach-at-sri-lanka-2025-02-22-15-04-46-utc-1536x1024.jpg 1536w, https:\/\/staygoldenarugam.com\/wp-content\/uploads\/2025\/08\/mirissa-beach-at-sri-lanka-2025-02-22-15-04-46-utc-2048x1365.jpg 2048w\" sizes=\"(max-width: 2560px) 100vw, 2560px\" \/><\/div>\n\t\t<\/a>\n\t\t\t\t<div class=\"elementor-post__text\">\n\t\t\t\t<h2 class=\"elementor-post__title\">\n\t\t\t<a href=\"https:\/\/staygoldenarugam.com\/de\/urlaub-sri-lanka-kosten-preisuebersicht\/\" >\n\t\t\t\tUrlaub Sri Lanka Kosten: Dein umfassender Preis\u00fcberblick f\u00fcr 2025\t\t\t<\/a>\n\t\t<\/h2>\n\t\t\n\t\t<a class=\"elementor-post__read-more\" href=\"https:\/\/staygoldenarugam.com\/de\/urlaub-sri-lanka-kosten-preisuebersicht\/\" aria-label=\"Mehr \u00fcber Urlaub Sri Lanka Kosten: Dein umfassender Preis\u00fcberblick f\u00fcr 2025\" tabindex=\"-1\" >\n\t\t\tMehr lesen\t\t<\/a>\n\n\t\t\t\t<\/div>\n\t\t\t\t<\/article>\n\t\t\t\t<article class=\"elementor-post elementor-grid-item post-7294 post type-post status-publish format-standard has-post-thumbnail hentry category-unkategorisiert\" role=\"listitem\">\n\t\t\t\t<a class=\"elementor-post__thumbnail__link\" href=\"https:\/\/staygoldenarugam.com\/de\/colombo-sri-lanka-entdecken\/\" tabindex=\"-1\" >\n\t\t\t<div class=\"elementor-post__thumbnail\"><img loading=\"lazy\" decoding=\"async\" width=\"2560\" height=\"1440\" src=\"https:\/\/staygoldenarugam.com\/wp-content\/uploads\/2025\/04\/galle-dutch-fort-colombo-sri-lanka.jpg\" class=\"attachment-full size-full wp-image-7313\" alt=\"Colombo Sri Lanka Galle Dutch Fort\" srcset=\"https:\/\/staygoldenarugam.com\/wp-content\/uploads\/2025\/04\/galle-dutch-fort-colombo-sri-lanka.jpg 2560w, https:\/\/staygoldenarugam.com\/wp-content\/uploads\/2025\/04\/galle-dutch-fort-colombo-sri-lanka-300x169.jpg 300w, https:\/\/staygoldenarugam.com\/wp-content\/uploads\/2025\/04\/galle-dutch-fort-colombo-sri-lanka-1024x576.jpg 1024w, https:\/\/staygoldenarugam.com\/wp-content\/uploads\/2025\/04\/galle-dutch-fort-colombo-sri-lanka-768x432.jpg 768w, https:\/\/staygoldenarugam.com\/wp-content\/uploads\/2025\/04\/galle-dutch-fort-colombo-sri-lanka-1536x864.jpg 1536w, https:\/\/staygoldenarugam.com\/wp-content\/uploads\/2025\/04\/galle-dutch-fort-colombo-sri-lanka-2048x1152.jpg 2048w\" sizes=\"(max-width: 2560px) 100vw, 2560px\" \/><\/div>\n\t\t<\/a>\n\t\t\t\t<div class=\"elementor-post__text\">\n\t\t\t\t<h2 class=\"elementor-post__title\">\n\t\t\t<a href=\"https:\/\/staygoldenarugam.com\/de\/colombo-sri-lanka-entdecken\/\" >\n\t\t\t\tColombo Sri Lanka: Entdecke die pulsierende Hauptstadt des Inselparadieses\t\t\t<\/a>\n\t\t<\/h2>\n\t\t\n\t\t<a class=\"elementor-post__read-more\" href=\"https:\/\/staygoldenarugam.com\/de\/colombo-sri-lanka-entdecken\/\" aria-label=\"Mehr \u00fcber Colombo Sri Lanka: Entdecke die pulsierende Hauptstadt des Inselparadieses\" tabindex=\"-1\" >\n\t\t\tMehr lesen\t\t<\/a>\n\n\t\t\t\t<\/div>\n\t\t\t\t<\/article>\n\t\t\t\t<article class=\"elementor-post elementor-grid-item post-7285 post type-post status-publish format-standard has-post-thumbnail hentry category-unkategorisiert\" role=\"listitem\">\n\t\t\t\t<a class=\"elementor-post__thumbnail__link\" href=\"https:\/\/staygoldenarugam.com\/de\/sri-lanka-ostkueste\/\" tabindex=\"-1\" >\n\t\t\t<div class=\"elementor-post__thumbnail\"><img loading=\"lazy\" decoding=\"async\" width=\"2560\" height=\"1280\" src=\"https:\/\/staygoldenarugam.com\/wp-content\/uploads\/2023\/11\/Stay-Golden-18-scaled.jpg\" class=\"attachment-full size-full wp-image-7193\" alt=\"\" srcset=\"https:\/\/staygoldenarugam.com\/wp-content\/uploads\/2023\/11\/Stay-Golden-18-scaled.jpg 2560w, https:\/\/staygoldenarugam.com\/wp-content\/uploads\/2023\/11\/Stay-Golden-18-300x150.jpg 300w, https:\/\/staygoldenarugam.com\/wp-content\/uploads\/2023\/11\/Stay-Golden-18-1024x512.jpg 1024w, https:\/\/staygoldenarugam.com\/wp-content\/uploads\/2023\/11\/Stay-Golden-18-768x384.jpg 768w, https:\/\/staygoldenarugam.com\/wp-content\/uploads\/2023\/11\/Stay-Golden-18-1536x768.jpg 1536w, https:\/\/staygoldenarugam.com\/wp-content\/uploads\/2023\/11\/Stay-Golden-18-2048x1024.jpg 2048w\" sizes=\"(max-width: 2560px) 100vw, 2560px\" \/><\/div>\n\t\t<\/a>\n\t\t\t\t<div class=\"elementor-post__text\">\n\t\t\t\t<h2 class=\"elementor-post__title\">\n\t\t\t<a href=\"https:\/\/staygoldenarugam.com\/de\/sri-lanka-ostkueste\/\" >\n\t\t\t\tSri Lanka Ostk\u00fcste \u2013 Unentdecktes Paradies f\u00fcr Abenteurer &#038; Ruhesuchende\t\t\t<\/a>\n\t\t<\/h2>\n\t\t\n\t\t<a class=\"elementor-post__read-more\" href=\"https:\/\/staygoldenarugam.com\/de\/sri-lanka-ostkueste\/\" aria-label=\"Mehr \u00fcber Sri Lanka Ostk\u00fcste \u2013 Unentdecktes Paradies f\u00fcr Abenteurer &#038; Ruhesuchende\" tabindex=\"-1\" >\n\t\t\tMehr lesen\t\t<\/a>\n\n\t\t\t\t<\/div>\n\t\t\t\t<\/article>\n\t\t\t\t<\/div>\n\t\t\n\t\t\t\t<div class=\"e-load-more-anchor\" data-page=\"1\" data-max-page=\"9\" data-next-page=\"https:\/\/staygoldenarugam.com\/de\/wp-json\/wp\/v2\/pages\/3741\/page\/2\/\"><\/div>\n\t\t\t\t<nav class=\"elementor-pagination\" aria-label=\"Seitennummerierung\">\n\t\t\t<span aria-current=\"page\" class=\"page-numbers current\"><span class=\"elementor-screen-only\">Seite<\/span>1<\/span>\n<a class=\"page-numbers\" href=\"https:\/\/staygoldenarugam.com\/de\/wp-json\/wp\/v2\/pages\/3741\/page\/2\/\"><span class=\"elementor-screen-only\">Seite<\/span>2<\/a>\n<a class=\"page-numbers\" href=\"https:\/\/staygoldenarugam.com\/de\/wp-json\/wp\/v2\/pages\/3741\/page\/3\/\"><span class=\"elementor-screen-only\">Seite<\/span>3<\/a>\n<a class=\"page-numbers\" href=\"https:\/\/staygoldenarugam.com\/de\/wp-json\/wp\/v2\/pages\/3741\/page\/4\/\"><span class=\"elementor-screen-only\">Seite<\/span>4<\/a>\n<a class=\"page-numbers\" href=\"https:\/\/staygoldenarugam.com\/de\/wp-json\/wp\/v2\/pages\/3741\/page\/5\/\"><span class=\"elementor-screen-only\">Seite<\/span>5<\/a>\t\t<\/nav>\n\t\t\t\t\t\t<\/div>\n\t\t\t\t<\/div>\n\t\t\t\t\t<\/div>\n\t\t<\/div>\n\t\t\t\t\t<\/div>\n\t\t<\/section>\n\t\t\t\t\t<\/div>\n\t\t<\/div>\n\t\t\t\t\t<\/div>\n\t\t<\/section>\n\t\t\t\t<\/div>\n\t\t","protected":false},"excerpt":{"rendered":"<p>Die goldenen Geschichten Im Stay Golden stehen unsere G\u00e4ste im Zentrum unseres Handelns. Sie sind der Kern unserer Vision und aktiver Teil davon, unsere Tr\u00e4ume<\/p>\n","protected":false},"author":1,"featured_media":3920,"parent":0,"menu_order":0,"comment_status":"closed","ping_status":"closed","template":"elementor_header_footer","meta":{"footnotes":""},"class_list":["post-3741","page","type-page","status-publish","has-post-thumbnail","hentry"],"_links":{"self":[{"href":"https:\/\/staygoldenarugam.com\/de\/wp-json\/wp\/v2\/pages\/3741","targetHints":{"allow":["GET"]}}],"collection":[{"href":"https:\/\/staygoldenarugam.com\/de\/wp-json\/wp\/v2\/pages"}],"about":[{"href":"https:\/\/staygoldenarugam.com\/de\/wp-json\/wp\/v2\/types\/page"}],"author":[{"embeddable":true,"href":"https:\/\/staygoldenarugam.com\/de\/wp-json\/wp\/v2\/users\/1"}],"replies":[{"embeddable":true,"href":"https:\/\/staygoldenarugam.com\/de\/wp-json\/wp\/v2\/comments?post=3741"}],"version-history":[{"count":23,"href":"https:\/\/staygoldenarugam.com\/de\/wp-json\/wp\/v2\/pages\/3741\/revisions"}],"predecessor-version":[{"id":6854,"href":"https:\/\/staygoldenarugam.com\/de\/wp-json\/wp\/v2\/pages\/3741\/revisions\/6854"}],"wp:featuredmedia":[{"embeddable":true,"href":"https:\/\/staygoldenarugam.com\/de\/wp-json\/wp\/v2\/media\/3920"}],"wp:attachment":[{"href":"https:\/\/staygoldenarugam.com\/de\/wp-json\/wp\/v2\/media?parent=3741"}],"curies":[{"name":"wp","href":"https:\/\/api.w.org\/{rel}","templated":true}]}}