{"id":3733,"date":"2024-03-11T18:35:50","date_gmt":"2024-03-11T18:35:50","guid":{"rendered":"https:\/\/dev.staygoldenarugam.com\/jetzt-buchen\/"},"modified":"2024-07-16T14:12:15","modified_gmt":"2024-07-16T14:12:15","slug":"jetzt-buchen","status":"publish","type":"page","link":"https:\/\/staygoldenarugam.com\/de\/jetzt-buchen\/","title":{"rendered":"Jetzt buchen"},"content":{"rendered":"\t\t<div data-elementor-type=\"wp-page\" data-elementor-id=\"3733\" class=\"elementor elementor-3733 elementor-2783\" data-elementor-post-type=\"page\">\n\t\t\t\t\t\t<section class=\"elementor-section elementor-top-section elementor-element elementor-element-2ab5792 elementor-section-height-min-height elementor-section-boxed elementor-section-height-default elementor-section-items-middle\" data-id=\"2ab5792\" data-element_type=\"section\" data-e-type=\"section\" data-settings=\"{&quot;background_background&quot;:&quot;classic&quot;}\">\n\t\t\t\t\t\t<div class=\"elementor-container elementor-column-gap-default\">\n\t\t\t\t\t<div class=\"elementor-column elementor-col-100 elementor-top-column elementor-element elementor-element-44e9fb5\" data-id=\"44e9fb5\" data-element_type=\"column\" data-e-type=\"column\">\n\t\t\t<div class=\"elementor-widget-wrap\">\n\t\t\t\t\t\t\t<\/div>\n\t\t<\/div>\n\t\t\t\t\t<\/div>\n\t\t<\/section>\n\t\t\t\t<section class=\"elementor-section elementor-top-section elementor-element elementor-element-06cc86f elementor-section-boxed elementor-section-height-default elementor-section-height-default\" data-id=\"06cc86f\" data-element_type=\"section\" data-e-type=\"section\">\n\t\t\t\t\t\t<div class=\"elementor-container elementor-column-gap-default\">\n\t\t\t\t\t<div class=\"elementor-column elementor-col-100 elementor-top-column elementor-element elementor-element-da2c282\" data-id=\"da2c282\" data-element_type=\"column\" data-e-type=\"column\">\n\t\t\t<div class=\"elementor-widget-wrap elementor-element-populated\">\n\t\t\t\t\t\t<section class=\"elementor-section elementor-inner-section elementor-element elementor-element-d9b19a0 elementor-section-boxed elementor-section-height-default elementor-section-height-default\" data-id=\"d9b19a0\" data-element_type=\"section\" data-e-type=\"section\">\n\t\t\t\t\t\t<div class=\"elementor-container elementor-column-gap-no\">\n\t\t\t\t\t<div class=\"elementor-column elementor-col-100 elementor-inner-column elementor-element elementor-element-52cbbd1\" data-id=\"52cbbd1\" data-element_type=\"column\" data-e-type=\"column\">\n\t\t\t<div class=\"elementor-widget-wrap elementor-element-populated\">\n\t\t\t\t\t\t<div class=\"elementor-element elementor-element-03659fb elementor-widget elementor-widget-heading\" data-id=\"03659fb\" data-element_type=\"widget\" data-e-type=\"widget\" data-widget_type=\"heading.default\">\n\t\t\t\t<div class=\"elementor-widget-container\">\n\t\t\t\t\t<h2 class=\"elementor-heading-title elementor-size-default\">Buche sicher und direkt zu den besten Preisen!<\/h2>\t\t\t\t<\/div>\n\t\t\t\t<\/div>\n\t\t\t\t<div class=\"elementor-element elementor-element-9ceb914 elementor-widget elementor-widget-heading\" data-id=\"9ceb914\" data-element_type=\"widget\" data-e-type=\"widget\" data-widget_type=\"heading.default\">\n\t\t\t\t<div class=\"elementor-widget-container\">\n\t\t\t\t\t<p class=\"elementor-heading-title elementor-size-default\">Sichere dir die besten Preise, indem du direkt bei uns buchst! Besuche unsere Buchungswebsite, um die Verf\u00fcgbarkeit zu pr\u00fcfen und eine Reservierung vorzunehmen. Genie\u00dfe die Flexibilit\u00e4t, dass du keine Vorauszahlung leisten musst und bis zu 7 Tage vor deinem Anreisedatum kostenlos stornieren kannst. Die direkte Buchung garantiert dir die g\u00fcnstigsten Preise!<\/p>\t\t\t\t<\/div>\n\t\t\t\t<\/div>\n\t\t\t\t<div class=\"elementor-element elementor-element-5166ae8 elementor-widget-tablet__width-initial elementor-mobile-align-center elementor-widget-mobile__width-inherit elementor-widget elementor-widget-button\" data-id=\"5166ae8\" data-element_type=\"widget\" data-e-type=\"widget\" data-widget_type=\"button.default\">\n\t\t\t\t<div class=\"elementor-widget-container\">\n\t\t\t\t\t\t\t\t\t<div class=\"elementor-button-wrapper\">\n\t\t\t\t\t<a class=\"elementor-button elementor-button-link elementor-size-sm\" href=\"https:\/\/ibe.sabeeapp.com\/properties\/Stay-Golden-Arugam-booking\/?p=bSpe703215f012e1c61&#038;l=en\" target=\"_blank\" rel=\"noopener\">\n\t\t\t\t\t\t<span class=\"elementor-button-content-wrapper\">\n\t\t\t\t\t\t<span class=\"elementor-button-icon\">\n\t\t\t\t<svg aria-hidden=\"true\" class=\"e-font-icon-svg e-fas-caret-right\" viewBox=\"0 0 192 512\" xmlns=\"http:\/\/www.w3.org\/2000\/svg\"><path d=\"M0 384.662V127.338c0-17.818 21.543-26.741 34.142-14.142l128.662 128.662c7.81 7.81 7.81 20.474 0 28.284L34.142 398.804C21.543 411.404 0 402.48 0 384.662z\"><\/path><\/svg>\t\t\t<\/span>\n\t\t\t\t\t\t\t\t\t<span class=\"elementor-button-text\">Buche deinen Aufenthalt jetzt<\/span>\n\t\t\t\t\t<\/span>\n\t\t\t\t\t<\/a>\n\t\t\t\t<\/div>\n\t\t\t\t\t\t\t\t<\/div>\n\t\t\t\t<\/div>\n\t\t\t\t<div class=\"elementor-element elementor-element-aaed8c8 elementor-icon-list--layout-traditional elementor-list-item-link-full_width elementor-widget elementor-widget-icon-list\" data-id=\"aaed8c8\" data-element_type=\"widget\" data-e-type=\"widget\" data-widget_type=\"icon-list.default\">\n\t\t\t\t<div class=\"elementor-widget-container\">\n\t\t\t\t\t\t\t<ul class=\"elementor-icon-list-items\">\n\t\t\t\t\t\t\t<li class=\"elementor-icon-list-item\">\n\t\t\t\t\t\t\t\t\t\t\t<span class=\"elementor-icon-list-icon\">\n\t\t\t\t\t\t\t<svg aria-hidden=\"true\" class=\"e-font-icon-svg e-fas-circle\" viewBox=\"0 0 512 512\" xmlns=\"http:\/\/www.w3.org\/2000\/svg\"><path d=\"M256 8C119 8 8 119 8 256s111 248 248 248 248-111 248-248S393 8 256 8z\"><\/path><\/svg>\t\t\t\t\t\t<\/span>\n\t\t\t\t\t\t\t\t\t\t<span class=\"elementor-icon-list-text\">Wir empfehlen dir, unsere Bewertungen auf beliebten Plattformen wie <a href=\"https:\/\/www.booking.com\/hotel\/lk\/stay-golden.en-gb.html?aid=304142&amp;checkin=2024-04-04&amp;checkout=2024-04-10&amp;dest_id=4551002&amp;dest_type=hotel&amp;group_adults=2&amp;group_children=0&amp;label=gen173nr-1FCBkoggI46AdIM1gEaIUBiAEBmAEJuAEYyAEP2AEB6AEB-AELiAIBqAIEuAKq85-vBsACAdICJGZmZWM5NTI5LTk4NzgtNDRkNy05YTNjLWU5NDRhMDE3ZWI0M9gCBuACAQ-Share-LoMtqJ%401709701590&amp;no_rooms=1&amp;req_adults=2&amp;req_children=0\" target=\"_blank\" rel=\"noopener\">Booking.com<\/a>, <a href=\"https:\/\/www.airbnb.de\/users\/show\/17231344\" target=\"_blank\" rel=\"noopener\">Airbnb<\/a>, <a href=\"https:\/\/www.google.de\/maps\/place\/Stay+Golden\/@6.8333996,81.8348382,17z\/data=!3m1!4b1!4m9!3m8!1s0x3ae5bd2e5db25c01:0xb8b4c0fbb6b12a56!5m2!4m1!1i2!8m2!3d6.8333996!4d81.8348382!16s%2Fg%2F11b73jj3nl?authuser=1&amp;entry=ttu\" target=\"_blank\" rel=\"noopener\">Google<\/a> und <a target=\"_blank\" href=\"https:\/\/www.tripadvisor.com\/Hotel_Review-g3348959-d7684401-Reviews-Stay_Golden-Arugam_Bay_Eastern_Province.html\" rel=\"noopener\">TripAdvisor<\/a> zu lesen. Um die besten Angebote zu erhalten und Provisionsgeb\u00fchren zu vermeiden, solltest du jedoch direkt \u00fcber unsere Website buchen.<\/span>\n\t\t\t\t\t\t\t\t\t<\/li>\n\t\t\t\t\t\t\t\t<li class=\"elementor-icon-list-item\">\n\t\t\t\t\t\t\t\t\t\t\t<span class=\"elementor-icon-list-icon\">\n\t\t\t\t\t\t\t<svg aria-hidden=\"true\" class=\"e-font-icon-svg e-fas-circle\" viewBox=\"0 0 512 512\" xmlns=\"http:\/\/www.w3.org\/2000\/svg\"><path d=\"M256 8C119 8 8 119 8 256s111 248 248 248 248-111 248-248S393 8 256 8z\"><\/path><\/svg>\t\t\t\t\t\t<\/span>\n\t\t\t\t\t\t\t\t\t\t<span class=\"elementor-icon-list-text\">Wichtige Informationen f\u00fcr Familien: Kinder ab 2 Jahren gelten in unserem Buchungssystem als Erwachsene und ben\u00f6tigen ihr eigenes Bett. Wir bieten zwei Zimmertypen an, die f\u00fcr vierk\u00f6pfige Familien geeignet sind: die Premium Cabana mit zwei Etagen und zwei Schlafzimmern und die Family Cabana mit einem Doppelbett und einem Etagenbett. F\u00fcr gr\u00f6\u00dfere Familien ist unser neues Familienzimmer mit Platz f\u00fcr bis zu sechs Personen ab sofort buchbar, die Bilder folgen im April 2024. Au\u00dferdem k\u00f6nnen wir ein zus\u00e4tzliches Kind unter 2 Jahren im selben Doppelbett wie die Eltern oder in einem Babybettchen kostenlos unterbringen. Das gilt auch f\u00fcr unsere Double Cabanas f\u00fcr Eltern, die zum ersten Mal mit einem Baby reisen. Bitte informiere uns, wenn du ein Babybett ben\u00f6tigst.<\/span>\n\t\t\t\t\t\t\t\t\t<\/li>\n\t\t\t\t\t\t\t\t<li class=\"elementor-icon-list-item\">\n\t\t\t\t\t\t\t\t\t\t\t<span class=\"elementor-icon-list-icon\">\n\t\t\t\t\t\t\t<svg aria-hidden=\"true\" class=\"e-font-icon-svg e-fas-circle\" viewBox=\"0 0 512 512\" xmlns=\"http:\/\/www.w3.org\/2000\/svg\"><path d=\"M256 8C119 8 8 119 8 256s111 248 248 248 248-111 248-248S393 8 256 8z\"><\/path><\/svg>\t\t\t\t\t\t<\/span>\n\t\t\t\t\t\t\t\t\t\t<span class=\"elementor-icon-list-text\">Bitte beachte, dass wir ausschlie\u00dflich Online-Buchungen akzeptieren und keine erm\u00e4\u00dfigten Preise per Telefon anbieten. Wir danken dir f\u00fcr deine Mitarbeit.<\/span>\n\t\t\t\t\t\t\t\t\t<\/li>\n\t\t\t\t\t\t<\/ul>\n\t\t\t\t\t\t<\/div>\n\t\t\t\t<\/div>\n\t\t\t\t<div class=\"elementor-element elementor-element-981c20d elementor-widget elementor-widget-heading\" data-id=\"981c20d\" data-element_type=\"widget\" data-e-type=\"widget\" data-widget_type=\"heading.default\">\n\t\t\t\t<div class=\"elementor-widget-container\">\n\t\t\t\t\t<h3 class=\"elementor-heading-title elementor-size-default\">Stornierungspolitik<\/h3>\t\t\t\t<\/div>\n\t\t\t\t<\/div>\n\t\t\t\t<div class=\"elementor-element elementor-element-92f8468 elementor-widget elementor-widget-heading\" data-id=\"92f8468\" data-element_type=\"widget\" data-e-type=\"widget\" data-widget_type=\"heading.default\">\n\t\t\t\t<div class=\"elementor-widget-container\">\n\t\t\t\t\t<p class=\"elementor-heading-title elementor-size-default\">Damit du in unsicheren Zeiten flexibel bist, bieten wir dir eine flexible Stornierungspolitik. Bei Stornierungen, die weniger als 7 Tage vor der Ankunft erfolgen, wird eine Geb\u00fchr in H\u00f6he von 50 % des Aufenthalts erhoben. Bei Nichterscheinen oder einer Buchungsreduzierung nach dem Anreisedatum wird eine Geb\u00fchr in H\u00f6he von 70 % des Aufenthalts oder der verbleibenden N\u00e4chte f\u00e4llig, wobei der Restbetrag erstattet wird. Das bedeutet, dass eine Stornierung bis zu 7 Tage vor deinem Anreisedatum kostenlos ist.<\/p>\t\t\t\t<\/div>\n\t\t\t\t<\/div>\n\t\t\t\t\t<\/div>\n\t\t<\/div>\n\t\t\t\t\t<\/div>\n\t\t<\/section>\n\t\t\t\t\t<\/div>\n\t\t<\/div>\n\t\t\t\t\t<\/div>\n\t\t<\/section>\n\t\t\t\t<\/div>\n\t\t","protected":false},"excerpt":{"rendered":"<p>Buche sicher und direkt zu den besten Preisen! Sichere dir die besten Preise, indem du direkt bei uns buchst! Besuche unsere Buchungswebsite, um die Verf\u00fcgbarkeit zu pr\u00fcfen und eine Reservierung vorzunehmen. Genie\u00dfe die Flexibilit\u00e4t, dass du keine Vorauszahlung leisten musst und bis zu 7 Tage vor deinem Anreisedatum kostenlos stornieren kannst. Die direkte Buchung garantiert [&hellip;]<\/p>\n","protected":false},"author":1,"featured_media":0,"parent":0,"menu_order":0,"comment_status":"closed","ping_status":"closed","template":"elementor_header_footer","meta":{"footnotes":""},"class_list":["post-3733","page","type-page","status-publish","hentry"],"_links":{"self":[{"href":"https:\/\/staygoldenarugam.com\/de\/wp-json\/wp\/v2\/pages\/3733","targetHints":{"allow":["GET"]}}],"collection":[{"href":"https:\/\/staygoldenarugam.com\/de\/wp-json\/wp\/v2\/pages"}],"about":[{"href":"https:\/\/staygoldenarugam.com\/de\/wp-json\/wp\/v2\/types\/page"}],"author":[{"embeddable":true,"href":"https:\/\/staygoldenarugam.com\/de\/wp-json\/wp\/v2\/users\/1"}],"replies":[{"embeddable":true,"href":"https:\/\/staygoldenarugam.com\/de\/wp-json\/wp\/v2\/comments?post=3733"}],"version-history":[{"count":3,"href":"https:\/\/staygoldenarugam.com\/de\/wp-json\/wp\/v2\/pages\/3733\/revisions"}],"predecessor-version":[{"id":6342,"href":"https:\/\/staygoldenarugam.com\/de\/wp-json\/wp\/v2\/pages\/3733\/revisions\/6342"}],"wp:attachment":[{"href":"https:\/\/staygoldenarugam.com\/de\/wp-json\/wp\/v2\/media?parent=3733"}],"curies":[{"name":"wp","href":"https:\/\/api.w.org\/{rel}","templated":true}]}}